{"id":246602,"date":"2022-06-03T11:22:20","date_gmt":"2022-06-03T09:22:20","guid":{"rendered":"http:\/\/real21.travel\/en\/?page_id=246602"},"modified":"2022-11-14T13:30:29","modified_gmt":"2022-11-14T12:30:29","slug":"chalet-jasna","status":"publish","type":"page","link":"https:\/\/real21.travel\/en\/chalet-jasna\/","title":{"rendered":"Chalet Jasn\u00e1"},"content":{"rendered":"<p>[et_pb_section fb_built=&#8221;1&#8243; custom_padding_last_edited=&#8221;on|phone&#8221; _builder_version=&#8221;4.17.4&#8243; _module_preset=&#8221;default&#8221; use_background_color_gradient=&#8221;on&#8221; background_color_gradient_stops=&#8221;rgba(2,10,4,0.52) 1%|rgba(4,2,10,0.2) 97%&#8221; background_color_gradient_overlays_image=&#8221;on&#8221; background_image=&#8221;https:\/\/real21.travel\/en\/wp-content\/uploads\/2022\/06\/titulka-chalet-ski.jpg&#8221; custom_padding=&#8221;119px||119px||false|&#8221; custom_padding_tablet=&#8221;119px||119px||false|&#8221; custom_padding_phone=&#8221;58px||56px||false|false&#8221; global_colors_info=&#8221;{}&#8221; theme_builder_area=&#8221;post_content&#8221;][et_pb_row _builder_version=&#8221;4.17.4&#8243; _module_preset=&#8221;default&#8221; width=&#8221;84%&#8221; max_width=&#8221;1238px&#8221; global_colors_info=&#8221;{}&#8221; theme_builder_area=&#8221;post_content&#8221;][et_pb_column type=&#8221;4_4&#8243; _builder_version=&#8221;4.17.4&#8243; _module_preset=&#8221;default&#8221; global_colors_info=&#8221;{}&#8221; theme_builder_area=&#8221;post_content&#8221;][et_pb_text _builder_version=&#8221;4.17.4&#8243; _module_preset=&#8221;default&#8221; header_font=&#8221;Barlow|800|||||||&#8221; header_text_color=&#8221;#FFFFFF&#8221; header_font_size=&#8221;62px&#8221; header_letter_spacing=&#8221;2px&#8221; header_line_height=&#8221;1.2em&#8221; custom_margin=&#8221;||18px||false|false&#8221; global_colors_info=&#8221;{}&#8221; theme_builder_area=&#8221;post_content&#8221;]<\/p>\n<h1>CHALET SKI<\/h1>\n<p>[\/et_pb_text][et_pb_text _builder_version=&#8221;4.19.0&#8243; _module_preset=&#8221;default&#8221; header_2_font=&#8221;Barlow|700|||||||&#8221; header_2_text_color=&#8221;#FFFFFF&#8221; header_2_letter_spacing=&#8221;2px&#8221; hover_enabled=&#8221;0&#8243; header_2_font_size_tablet=&#8221;&#8221; header_2_font_size_phone=&#8221;20px&#8221; header_2_font_size_last_edited=&#8221;on|phone&#8221; global_colors_info=&#8221;{}&#8221; theme_builder_area=&#8221;post_content&#8221; sticky_enabled=&#8221;0&#8243;]<\/p>\n<h2>Locations: Jasn\u00e1 &#8211; Otupn\u00e9<\/h2>\n<p>[\/et_pb_text][et_pb_button button_url=&#8221;https:\/\/real21.travel\/en\/rezervacia\/&#8221; button_text=&#8221;Make a reservation&#8221; button_alignment=&#8221;left&#8221; _builder_version=&#8221;4.19.0&#8243; _module_preset=&#8221;default&#8221; custom_button=&#8221;on&#8221; button_text_size=&#8221;18px&#8221; button_text_color=&#8221;#FFFFFF&#8221; button_bg_color=&#8221;#ff6900&#8243; button_border_width=&#8221;0px&#8221; button_border_radius=&#8221;0px&#8221; button_letter_spacing=&#8221;2px&#8221; button_font=&#8221;Barlow|600||on|||||&#8221; custom_margin=&#8221;19px||19px||true|false&#8221; hover_enabled=&#8221;0&#8243; global_colors_info=&#8221;{}&#8221; theme_builder_area=&#8221;post_content&#8221; sticky_enabled=&#8221;0&#8243;][\/et_pb_button][\/et_pb_column][\/et_pb_row][\/et_pb_section][et_pb_section fb_built=&#8221;1&#8243; _builder_version=&#8221;4.17.4&#8243; _module_preset=&#8221;default&#8221; custom_padding=&#8221;||13px|||&#8221; global_colors_info=&#8221;{}&#8221; theme_builder_area=&#8221;post_content&#8221;][et_pb_row column_structure=&#8221;1_2,1_4,1_4&#8243; use_custom_gutter=&#8221;on&#8221; gutter_width=&#8221;4&#8243; make_equal=&#8221;on&#8221; _builder_version=&#8221;4.17.4&#8243; _module_preset=&#8221;default&#8221; width=&#8221;90%&#8221; max_width=&#8221;1234px&#8221; custom_margin=&#8221;||20px||false|false&#8221; global_colors_info=&#8221;{}&#8221; theme_builder_area=&#8221;post_content&#8221;][et_pb_column type=&#8221;1_2&#8243; _builder_version=&#8221;4.17.4&#8243; _module_preset=&#8221;default&#8221; custom_padding=&#8221;|||18px|false|false&#8221; border_width_left=&#8221;2px&#8221; border_color_left=&#8221;#bfbfbf&#8221; global_colors_info=&#8221;{}&#8221; theme_builder_area=&#8221;post_content&#8221;][et_pb_blurb title=&#8221;DESCRIPTION&#8221; use_icon=&#8221;on&#8221; font_icon=&#8221;&#xe610;||divi||400&#8243; icon_placement=&#8221;left&#8221; image_icon_width=&#8221;37px&#8221; _builder_version=&#8221;4.19.0&#8243; _module_preset=&#8221;default&#8221; header_font=&#8221;Barlow|800||on|||||&#8221; header_font_size=&#8221;19px&#8221; header_letter_spacing=&#8221;2px&#8221; header_line_height=&#8221;1.7em&#8221; custom_margin=&#8221;||18px||false|false&#8221; hover_enabled=&#8221;0&#8243; global_colors_info=&#8221;{}&#8221; theme_builder_area=&#8221;post_content&#8221; sticky_enabled=&#8221;0&#8243;][\/et_pb_blurb][et_pb_text _builder_version=&#8221;4.19.0&#8243; _module_preset=&#8221;default&#8221; text_line_height=&#8221;1.9em&#8221; custom_margin=&#8221;||15px|||&#8221; hover_enabled=&#8221;0&#8243; global_colors_info=&#8221;{}&#8221; theme_builder_area=&#8221;post_content&#8221; sticky_enabled=&#8221;0&#8243;]<\/p>\n<p>reach Chopok 2024 meters above sea level and back to the chalet without carrying skis. In the evening, be sure not to miss our <strong>sauna, outdoor hot tub<\/strong>, or social room. Comfortable fully equipped apartments with mountain views and an elevator.<\/p>\n<p>\u00a0Our chalet has the best position in <strong>the largest ski resort in Slovakia in Jasna<\/strong>. Put on your skis in front of the chalet and you&#8217;re on the slopes, or watch the kids from your balcony. Each of the 6 apartments in the building has a beautiful view of Chopok 2024 meters above sea level, with <strong>its own kitchen connected to the living room and two separate rooms<\/strong>. A sauna and a common room are available after a hard day. And did you know that Jasna offers great opportunities for hiking or cycling even during the summer?<\/p>\n<p>[\/et_pb_text][et_pb_text _builder_version=&#8221;4.18.0&#8243; _module_preset=&#8221;default&#8221; text_line_height=&#8221;1.9em&#8221; global_colors_info=&#8221;{}&#8221; theme_builder_area=&#8221;post_content&#8221;]<\/p>\n<p>N\u00e1\u0161 chalet ma najlep\u0161iu poz\u00edciu <strong>v najv\u00e4\u010d\u0161om ly\u017eiarskom stredisku na Slovensku v Jasnej.<\/strong> Obujte ly\u017ee pred chaletom a ste na svahu, alebo sa pozerajte na deti z v\u00e1\u0161ho balk\u00f3na. Ka\u017ed\u00fd zo 6 apartm\u00e1nov v objekte ma kr\u00e1sny v\u00fdh\u013ead na Chopok 2024mnm, <strong>s vlastnou kuchynkou spojenou s ob\u00fdvacou miestnos\u0165ou a dvoma samostatn\u00fdmi izbami.<\/strong> K dispoz\u00edcii po n\u00e1ro\u010dnom dni je sauna a spolo\u010densk\u00e1 miestnos\u0165. A vedeli ste \u017ee Jasn\u00e1 pon\u00faka skvel\u00e9 mo\u017enosti na turistiku \u010di bicykle aj cez leto?<\/p>\n<p>[\/et_pb_text][et_pb_button button_url=&#8221;https:\/\/real21.travel\/en\/wp-content\/uploads\/2022\/11\/cennik_chaletski.pdf&#8221; url_new_window=&#8221;on&#8221; button_text=&#8221;price list&#8221; button_alignment=&#8221;left&#8221; _builder_version=&#8221;4.19.0&#8243; _module_preset=&#8221;default&#8221; custom_button=&#8221;on&#8221; button_text_size=&#8221;15px&#8221; button_text_color=&#8221;#FFFFFF&#8221; button_bg_color=&#8221;#7CDA24&#8243; button_border_width=&#8221;0px&#8221; button_border_radius=&#8221;0px&#8221; button_letter_spacing=&#8221;1px&#8221; button_font=&#8221;Barlow|||on|||||&#8221; button_icon=&#8221;&#xe092;||divi||400&#8243; button_on_hover=&#8221;off&#8221; custom_margin=&#8221;19px||19px||true|false&#8221; hover_enabled=&#8221;0&#8243; global_colors_info=&#8221;{}&#8221; theme_builder_area=&#8221;post_content&#8221; sticky_enabled=&#8221;0&#8243;][\/et_pb_button][et_pb_divider color=&#8221;RGBA(255,255,255,0)&#8221; disabled_on=&#8221;off|off|on&#8221; _builder_version=&#8221;4.17.4&#8243; _module_preset=&#8221;default&#8221; custom_margin=&#8221;22px||22px||true|false&#8221; global_colors_info=&#8221;{}&#8221; theme_builder_area=&#8221;post_content&#8221;][\/et_pb_divider][\/et_pb_column][et_pb_column type=&#8221;1_4&#8243; _builder_version=&#8221;4.17.4&#8243; _module_preset=&#8221;default&#8221; custom_padding=&#8221;|||18px|false|false&#8221; border_width_left=&#8221;2px&#8221; border_color_left=&#8221;#bfbfbf&#8221; global_colors_info=&#8221;{}&#8221; theme_builder_area=&#8221;post_content&#8221;][et_pb_divider color=&#8221;RGBA(255,255,255,0)&#8221; disabled_on=&#8221;off|off|on&#8221; _builder_version=&#8221;4.17.4&#8243; _module_preset=&#8221;default&#8221; custom_margin=&#8221;22px||22px||true|false&#8221; global_colors_info=&#8221;{}&#8221; theme_builder_area=&#8221;post_content&#8221;][\/et_pb_divider][et_pb_blurb title=&#8221;equipment:&#8221; use_icon=&#8221;on&#8221; font_icon=&#8221;&#xf065;||fa||900&#8243; icon_placement=&#8221;left&#8221; image_icon_width=&#8221;30px&#8221; _builder_version=&#8221;4.19.0&#8243; _module_preset=&#8221;default&#8221; header_font=&#8221;Barlow|800||on|||||&#8221; header_font_size=&#8221;19px&#8221; header_letter_spacing=&#8221;2px&#8221; header_line_height=&#8221;1.7em&#8221; custom_margin=&#8221;||9px||false|false&#8221; hover_enabled=&#8221;0&#8243; global_colors_info=&#8221;{}&#8221; theme_builder_area=&#8221;post_content&#8221; sticky_enabled=&#8221;0&#8243;][\/et_pb_blurb][et_pb_text _builder_version=&#8221;4.19.0&#8243; _module_preset=&#8221;default&#8221; text_line_height=&#8221;1.9em&#8221; custom_margin=&#8221;||29px|||&#8221; hover_enabled=&#8221;0&#8243; global_colors_info=&#8221;{}&#8221; theme_builder_area=&#8221;post_content&#8221; sticky_enabled=&#8221;0&#8243;]<\/p>\n<ul>\n<li>2 separate rooms<\/li>\n<li>1x equipped kitchen<\/li>\n<li>1x living room<\/li>\n<li>sauna<\/li>\n<li>squeezer<\/li>\n<li>directly on the Vrbicka slope<\/li>\n<\/ul>\n<p><b><\/b><\/p>\n<p>[\/et_pb_text][\/et_pb_column][et_pb_column type=&#8221;1_4&#8243; _builder_version=&#8221;4.17.4&#8243; _module_preset=&#8221;default&#8221; custom_padding=&#8221;|||18px|false|false&#8221; border_width_left=&#8221;2px&#8221; border_color_left=&#8221;#bfbfbf&#8221; global_colors_info=&#8221;{}&#8221; theme_builder_area=&#8221;post_content&#8221;][et_pb_blurb title=&#8221;Location&#8221; use_icon=&#8221;on&#8221; font_icon=&#8221;&#xe01d;||divi||400&#8243; icon_placement=&#8221;left&#8221; image_icon_width=&#8221;37px&#8221; _builder_version=&#8221;4.19.0&#8243; _module_preset=&#8221;default&#8221; header_font=&#8221;Barlow|800||on|||||&#8221; header_font_size=&#8221;19px&#8221; header_letter_spacing=&#8221;2px&#8221; header_line_height=&#8221;1.7em&#8221; custom_margin=&#8221;||18px||false|false&#8221; hover_enabled=&#8221;0&#8243; global_colors_info=&#8221;{}&#8221; theme_builder_area=&#8221;post_content&#8221; sticky_enabled=&#8221;0&#8243;][\/et_pb_blurb][et_pb_text _builder_version=&#8221;4.17.4&#8243; _module_preset=&#8221;default&#8221; text_font=&#8221;Barlow|||on|||||&#8221; text_letter_spacing=&#8221;2px&#8221; custom_margin=&#8221;||44px||false|false&#8221; global_colors_info=&#8221;{}&#8221; theme_builder_area=&#8221;post_content&#8221;]<\/p>\n<p>Dem\u00e4novsk\u00e1 dolina 156<br \/>Jasn\u00e1 \u2013 Otupn\u00e9<\/p>\n<p>[\/et_pb_text][et_pb_blurb title=&#8221;Contact&#8221; use_icon=&#8221;on&#8221; font_icon=&#8221;&#xf57d;||fa||900&#8243; icon_placement=&#8221;left&#8221; image_icon_width=&#8221;37px&#8221; _builder_version=&#8221;4.19.0&#8243; _module_preset=&#8221;default&#8221; header_font=&#8221;Barlow|800||on|||||&#8221; header_font_size=&#8221;19px&#8221; header_letter_spacing=&#8221;2px&#8221; header_line_height=&#8221;1.7em&#8221; custom_margin=&#8221;||18px||false|false&#8221; hover_enabled=&#8221;0&#8243; global_colors_info=&#8221;{}&#8221; theme_builder_area=&#8221;post_content&#8221; sticky_enabled=&#8221;0&#8243;][\/et_pb_blurb][et_pb_text _builder_version=&#8221;4.17.4&#8243; _module_preset=&#8221;default&#8221; text_font=&#8221;Barlow|||on|||||&#8221; text_letter_spacing=&#8221;2px&#8221; global_colors_info=&#8221;{}&#8221; theme_builder_area=&#8221;post_content&#8221;]+421 948 027 436<br \/>\ninfo@real21.travel[\/et_pb_text][et_pb_button button_url=&#8221;https:\/\/www.chaletski.sk\/&#8221; url_new_window=&#8221;on&#8221; button_text=&#8221;GO TO THE WEBSITE&#8221; button_alignment=&#8221;left&#8221; _builder_version=&#8221;4.19.0&#8243; _module_preset=&#8221;default&#8221; custom_button=&#8221;on&#8221; button_text_size=&#8221;15px&#8221; button_text_color=&#8221;#FFFFFF&#8221; button_bg_color=&#8221;#ff6900&#8243; button_border_width=&#8221;0px&#8221; button_border_radius=&#8221;0px&#8221; button_letter_spacing=&#8221;1px&#8221; button_font=&#8221;Barlow|||on|||||&#8221; custom_margin=&#8221;19px||19px||true|false&#8221; hover_enabled=&#8221;0&#8243; global_colors_info=&#8221;{}&#8221; theme_builder_area=&#8221;post_content&#8221; sticky_enabled=&#8221;0&#8243;][\/et_pb_button][\/et_pb_column][\/et_pb_row][\/et_pb_section][et_pb_section fb_built=&#8221;1&#8243; _builder_version=&#8221;4.17.4&#8243; _module_preset=&#8221;default&#8221; background_color=&#8221;#f7f7f7&#8243; custom_padding=&#8221;19px||22px|||&#8221; global_colors_info=&#8221;{}&#8221; theme_builder_area=&#8221;post_content&#8221;][et_pb_row column_structure=&#8221;1_3,2_3&#8243; _builder_version=&#8221;4.17.4&#8243; _module_preset=&#8221;default&#8221; width=&#8221;90%&#8221; max_width=&#8221;1234px&#8221; global_colors_info=&#8221;{}&#8221; theme_builder_area=&#8221;post_content&#8221;][et_pb_column type=&#8221;1_3&#8243; _builder_version=&#8221;4.17.4&#8243; _module_preset=&#8221;default&#8221; global_colors_info=&#8221;{}&#8221; theme_builder_area=&#8221;post_content&#8221;][et_pb_text _builder_version=&#8221;4.19.0&#8243; _module_preset=&#8221;default&#8221; text_font=&#8221;Barlow|700||on|||||&#8221; text_font_size=&#8221;23px&#8221; text_letter_spacing=&#8221;1px&#8221; custom_margin=&#8221;||20px||false|false&#8221; hover_enabled=&#8221;0&#8243; global_colors_info=&#8221;{}&#8221; theme_builder_area=&#8221;post_content&#8221; sticky_enabled=&#8221;0&#8243;]<\/p>\n<p style=\"text-align: left;\">YOU WILL FIND THE CHALET:<\/p>\n<p>[\/et_pb_text][et_pb_divider color=&#8221;#0f0909&#8243; _builder_version=&#8221;4.17.4&#8243; _module_preset=&#8221;default&#8221; width=&#8221;66%&#8221; custom_margin=&#8221;11px||7px||false|false&#8221; global_colors_info=&#8221;{}&#8221; theme_builder_area=&#8221;post_content&#8221;][\/et_pb_divider][et_pb_text _builder_version=&#8221;4.19.0&#8243; _module_preset=&#8221;default&#8221; text_line_height=&#8221;1.9em&#8221; custom_margin=&#8221;-3px|||||&#8221; hover_enabled=&#8221;0&#8243; global_colors_info=&#8221;{}&#8221; theme_builder_area=&#8221;post_content&#8221; sticky_enabled=&#8221;0&#8243;]<\/p>\n<p style=\"text-align: left;\">Right on the slope in Jasn\u00e1.<\/p>\n<p style=\"text-align: left;\"><strong>Coordinates: <\/strong> 48.967058, 19.577298<\/p>\n<p>[\/et_pb_text][et_pb_divider color=&#8221;RGBA(255,255,255,0)&#8221; disabled_on=&#8221;off|off|on&#8221; _builder_version=&#8221;4.17.4&#8243; _module_preset=&#8221;default&#8221; custom_margin=&#8221;22px||22px||true|false&#8221; global_colors_info=&#8221;{}&#8221; theme_builder_area=&#8221;post_content&#8221;][\/et_pb_divider][\/et_pb_column][et_pb_column type=&#8221;2_3&#8243; _builder_version=&#8221;4.17.4&#8243; _module_preset=&#8221;default&#8221; global_colors_info=&#8221;{}&#8221; theme_builder_area=&#8221;post_content&#8221;][et_pb_code _builder_version=&#8221;4.17.4&#8243; _module_preset=&#8221;default&#8221; global_colors_info=&#8221;{}&#8221; theme_builder_area=&#8221;post_content&#8221;]<iframe src=\"https:\/\/www.google.com\/maps\/embed?pb=!1m18!1m12!1m3!1d2619.2869685631695!2d19.57510931590581!3d48.96706150100266!2m3!1f0!2f0!3f0!3m2!1i1024!2i768!4f13.1!3m3!1m2!1s0x0%3A0x220ffc069e12209b!2zNDjCsDU4JzAxLjQiTiAxOcKwMzQnMzguMyJF!5e0!3m2!1ssk!2ssk!4v1654249503404!5m2!1ssk!2ssk\" width=\"1920\" height=\"250\" style=\"border:0;\" allowfullscreen=\"\" loading=\"lazy\" referrerpolicy=\"no-referrer-when-downgrade\"><\/iframe>[\/et_pb_code][\/et_pb_column][\/et_pb_row][\/et_pb_section][et_pb_section fb_built=&#8221;1&#8243; _builder_version=&#8221;4.17.4&#8243; _module_preset=&#8221;default&#8221; global_colors_info=&#8221;{}&#8221; theme_builder_area=&#8221;post_content&#8221;][et_pb_row _builder_version=&#8221;4.17.4&#8243; _module_preset=&#8221;default&#8221; custom_padding=&#8221;||0px|||&#8221; global_colors_info=&#8221;{}&#8221; theme_builder_area=&#8221;post_content&#8221;][et_pb_column type=&#8221;4_4&#8243; _builder_version=&#8221;4.17.4&#8243; _module_preset=&#8221;default&#8221; global_colors_info=&#8221;{}&#8221; theme_builder_area=&#8221;post_content&#8221;][et_pb_text _builder_version=&#8221;4.19.0&#8243; _module_preset=&#8221;default&#8221; text_font=&#8221;Barlow|700||on|||||&#8221; text_font_size=&#8221;28px&#8221; text_letter_spacing=&#8221;2px&#8221; custom_margin=&#8221;||20px||false|false&#8221; hover_enabled=&#8221;0&#8243; global_colors_info=&#8221;{}&#8221; theme_builder_area=&#8221;post_content&#8221; sticky_enabled=&#8221;0&#8243;]<\/p>\n<p style=\"text-align: center;\">Gallery<\/p>\n<p>[\/et_pb_text][et_pb_divider color=&#8221;#0f0909&#8243; _builder_version=&#8221;4.17.4&#8243; _module_preset=&#8221;default&#8221; width=&#8221;66%&#8221; module_alignment=&#8221;center&#8221; custom_margin=&#8221;11px||7px||false|false&#8221; global_colors_info=&#8221;{}&#8221; theme_builder_area=&#8221;post_content&#8221;][\/et_pb_divider][\/et_pb_column][\/et_pb_row][et_pb_row _builder_version=&#8221;4.17.4&#8243; _module_preset=&#8221;default&#8221; width=&#8221;90%&#8221; max_width=&#8221;1234px&#8221; custom_padding=&#8221;4px|||||&#8221; global_colors_info=&#8221;{}&#8221; theme_builder_area=&#8221;post_content&#8221;][et_pb_column type=&#8221;4_4&#8243; _builder_version=&#8221;4.17.4&#8243; _module_preset=&#8221;default&#8221; global_colors_info=&#8221;{}&#8221; theme_builder_area=&#8221;post_content&#8221;][et_pb_gallery gallery_ids=&#8221;246623,246625,247267,247274,247276,247275,247270,247269,247268,247271,247273,247272,246638,246639,246641,246642,246643,246644,246645,246646,246647,246648,246649,246650,246651,246652,246640,246637,246635,246634,246620,246622,246636,246633,247216,247217,247218,247219,247223,247220,247221,247222,247224,247225,247226,247227,247228,247229,247230,247231,247232,247233,247234,247235,247236,247237,247238,247239,247240,247242,247243,247244,247245,247246,247241,247247,247248,247249,247250,247251,247252,247253,247254,247255,247256,247257,247258,247259,247260,247261,247262,247279,247280,247281,247282,247283,247284,247285,247286,247287,247288,247289,247290,247291,247292,247293,247294,247295,247296,247297,247298,247299,247300,247301,247302,247303,247304,247305,247306,247307,247308,247309,247310,247311,247312,247313,247314,247315,247316,247317,247318,247319,247320,247321,247322,247323,247324,247325,247326,247327,247328,247329,247330,247331&#8243; posts_number=&#8221;28&#8243; show_title_and_caption=&#8221;off&#8221; zoom_icon_color=&#8221;#FFFFFF&#8221; hover_overlay_color=&#8221;rgba(10,10,10,0.55)&#8221; hover_icon=&#8221;&#x30;||divi||400&#8243; _builder_version=&#8221;4.17.4&#8243; _module_preset=&#8221;default&#8221; global_colors_info=&#8221;{}&#8221; theme_builder_area=&#8221;post_content&#8221;][\/et_pb_gallery][\/et_pb_column][\/et_pb_row][\/et_pb_section]<\/p>\n","protected":false},"excerpt":{"rendered":"<p>CHALET SKILocations: Jasn\u00e1 &#8211; Otupn\u00e9reach Chopok 2024 meters above sea level and back to the chalet without carrying skis. In the evening, be sure not to miss our sauna, outdoor hot tub, or social room. Comfortable fully equipped apartments with mountain views and an elevator. \u00a0Our chalet has the best position in the largest ski [&hellip;]<\/p>\n","protected":false},"author":1,"featured_media":0,"parent":0,"menu_order":0,"comment_status":"closed","ping_status":"closed","template":"","meta":{"_et_pb_use_builder":"on","_et_pb_old_content":"","_et_gb_content_width":"","_mi_skip_tracking":false},"yoast_head":"<!-- This site is optimized with the Yoast SEO plugin v19.10 - https:\/\/yoast.com\/wordpress\/plugins\/seo\/ -->\n<title>Chalet Jasn\u00e1 - Real21 Travel<\/title>\n<meta name=\"robots\" content=\"index, follow, max-snippet:-1, max-image-preview:large, max-video-preview:-1\" \/>\n<link rel=\"canonical\" href=\"https:\/\/real21.travel\/en\/chalet-jasna\/\" \/>\n<meta property=\"og:locale\" content=\"en_US\" \/>\n<meta property=\"og:type\" content=\"article\" \/>\n<meta property=\"og:title\" content=\"Chalet Jasn\u00e1 - Real21 Travel\" \/>\n<meta property=\"og:description\" content=\"CHALET SKILocations: Jasn\u00e1 - Otupn\u00e9reach Chopok 2024 meters above sea level and back to the chalet without carrying skis. In the evening, be sure not to miss our sauna, outdoor hot tub, or social room. Comfortable fully equipped apartments with mountain views and an elevator. \u00a0Our chalet has the best position in the largest ski [&hellip;]\" \/>\n<meta property=\"og:url\" content=\"https:\/\/real21.travel\/en\/chalet-jasna\/\" \/>\n<meta property=\"og:site_name\" content=\"Real21 Travel\" \/>\n<meta property=\"article:modified_time\" content=\"2022-11-14T12:30:29+00:00\" \/>\n<meta name=\"twitter:card\" content=\"summary_large_image\" \/>\n<script type=\"application\/ld+json\" class=\"yoast-schema-graph\">{\"@context\":\"https:\/\/schema.org\",\"@graph\":[{\"@type\":\"WebPage\",\"@id\":\"https:\/\/real21.travel\/en\/chalet-jasna\/\",\"url\":\"https:\/\/real21.travel\/en\/chalet-jasna\/\",\"name\":\"Chalet Jasn\u00e1 - Real21 Travel\",\"isPartOf\":{\"@id\":\"https:\/\/real21.travel\/en\/#website\"},\"datePublished\":\"2022-06-03T09:22:20+00:00\",\"dateModified\":\"2022-11-14T12:30:29+00:00\",\"breadcrumb\":{\"@id\":\"https:\/\/real21.travel\/en\/chalet-jasna\/#breadcrumb\"},\"inLanguage\":\"en-US\",\"potentialAction\":[{\"@type\":\"ReadAction\",\"target\":[\"https:\/\/real21.travel\/en\/chalet-jasna\/\"]}]},{\"@type\":\"BreadcrumbList\",\"@id\":\"https:\/\/real21.travel\/en\/chalet-jasna\/#breadcrumb\",\"itemListElement\":[{\"@type\":\"ListItem\",\"position\":1,\"name\":\"Home\",\"item\":\"https:\/\/real21.travel\/en\/\"},{\"@type\":\"ListItem\",\"position\":2,\"name\":\"Chalet Jasn\u00e1\"}]},{\"@type\":\"WebSite\",\"@id\":\"https:\/\/real21.travel\/en\/#website\",\"url\":\"https:\/\/real21.travel\/en\/\",\"name\":\"Real21 Travel\",\"description\":\"Skvel\u00e9 ubytovanie\",\"potentialAction\":[{\"@type\":\"SearchAction\",\"target\":{\"@type\":\"EntryPoint\",\"urlTemplate\":\"https:\/\/real21.travel\/en\/?s={search_term_string}\"},\"query-input\":\"required name=search_term_string\"}],\"inLanguage\":\"en-US\"}]}<\/script>\n<!-- \/ Yoast SEO plugin. -->","yoast_head_json":{"title":"Chalet Jasn\u00e1 - Real21 Travel","robots":{"index":"index","follow":"follow","max-snippet":"max-snippet:-1","max-image-preview":"max-image-preview:large","max-video-preview":"max-video-preview:-1"},"canonical":"https:\/\/real21.travel\/en\/chalet-jasna\/","og_locale":"en_US","og_type":"article","og_title":"Chalet Jasn\u00e1 - Real21 Travel","og_description":"CHALET SKILocations: Jasn\u00e1 - Otupn\u00e9reach Chopok 2024 meters above sea level and back to the chalet without carrying skis. In the evening, be sure not to miss our sauna, outdoor hot tub, or social room. Comfortable fully equipped apartments with mountain views and an elevator. \u00a0Our chalet has the best position in the largest ski [&hellip;]","og_url":"https:\/\/real21.travel\/en\/chalet-jasna\/","og_site_name":"Real21 Travel","article_modified_time":"2022-11-14T12:30:29+00:00","twitter_card":"summary_large_image","schema":{"@context":"https:\/\/schema.org","@graph":[{"@type":"WebPage","@id":"https:\/\/real21.travel\/en\/chalet-jasna\/","url":"https:\/\/real21.travel\/en\/chalet-jasna\/","name":"Chalet Jasn\u00e1 - Real21 Travel","isPartOf":{"@id":"https:\/\/real21.travel\/en\/#website"},"datePublished":"2022-06-03T09:22:20+00:00","dateModified":"2022-11-14T12:30:29+00:00","breadcrumb":{"@id":"https:\/\/real21.travel\/en\/chalet-jasna\/#breadcrumb"},"inLanguage":"en-US","potentialAction":[{"@type":"ReadAction","target":["https:\/\/real21.travel\/en\/chalet-jasna\/"]}]},{"@type":"BreadcrumbList","@id":"https:\/\/real21.travel\/en\/chalet-jasna\/#breadcrumb","itemListElement":[{"@type":"ListItem","position":1,"name":"Home","item":"https:\/\/real21.travel\/en\/"},{"@type":"ListItem","position":2,"name":"Chalet Jasn\u00e1"}]},{"@type":"WebSite","@id":"https:\/\/real21.travel\/en\/#website","url":"https:\/\/real21.travel\/en\/","name":"Real21 Travel","description":"Skvel\u00e9 ubytovanie","potentialAction":[{"@type":"SearchAction","target":{"@type":"EntryPoint","urlTemplate":"https:\/\/real21.travel\/en\/?s={search_term_string}"},"query-input":"required name=search_term_string"}],"inLanguage":"en-US"}]}},"_links":{"self":[{"href":"https:\/\/real21.travel\/en\/wp-json\/wp\/v2\/pages\/246602"}],"collection":[{"href":"https:\/\/real21.travel\/en\/wp-json\/wp\/v2\/pages"}],"about":[{"href":"https:\/\/real21.travel\/en\/wp-json\/wp\/v2\/types\/page"}],"author":[{"embeddable":true,"href":"https:\/\/real21.travel\/en\/wp-json\/wp\/v2\/users\/1"}],"replies":[{"embeddable":true,"href":"https:\/\/real21.travel\/en\/wp-json\/wp\/v2\/comments?post=246602"}],"version-history":[{"count":5,"href":"https:\/\/real21.travel\/en\/wp-json\/wp\/v2\/pages\/246602\/revisions"}],"predecessor-version":[{"id":247685,"href":"https:\/\/real21.travel\/en\/wp-json\/wp\/v2\/pages\/246602\/revisions\/247685"}],"wp:attachment":[{"href":"https:\/\/real21.travel\/en\/wp-json\/wp\/v2\/media?parent=246602"}],"curies":[{"name":"wp","href":"https:\/\/api.w.org\/{rel}","templated":true}]}}