{"id":246963,"date":"2022-06-17T15:52:46","date_gmt":"2022-06-17T13:52:46","guid":{"rendered":"http:\/\/real21.travel\/en\/?page_id=246963"},"modified":"2022-11-14T13:41:50","modified_gmt":"2022-11-14T12:41:50","slug":"cottage-maluzina","status":"publish","type":"page","link":"https:\/\/real21.travel\/en\/cottage-maluzina\/","title":{"rendered":"Cottage Malu\u017ein\u00e1"},"content":{"rendered":"<p>[et_pb_section fb_built=&#8221;1&#8243; custom_padding_last_edited=&#8221;on|phone&#8221; _builder_version=&#8221;4.17.4&#8243; _module_preset=&#8221;default&#8221; use_background_color_gradient=&#8221;on&#8221; background_color_gradient_stops=&#8221;rgba(2,10,4,0.52) 1%|rgba(4,2,10,0.2) 97%&#8221; background_color_gradient_overlays_image=&#8221;on&#8221; background_image=&#8221;https:\/\/real21.travel\/en\/wp-content\/uploads\/2022\/06\/maluzina-1.jpg&#8221; custom_padding=&#8221;119px||119px||false|&#8221; custom_padding_tablet=&#8221;119px||119px||false|&#8221; custom_padding_phone=&#8221;58px||56px||false|false&#8221; global_colors_info=&#8221;{}&#8221; theme_builder_area=&#8221;post_content&#8221;][et_pb_row _builder_version=&#8221;4.17.4&#8243; _module_preset=&#8221;default&#8221; max_width=&#8221;1221px&#8221; global_colors_info=&#8221;{}&#8221; theme_builder_area=&#8221;post_content&#8221;][et_pb_column type=&#8221;4_4&#8243; _builder_version=&#8221;4.17.4&#8243; _module_preset=&#8221;default&#8221; global_colors_info=&#8221;{}&#8221; theme_builder_area=&#8221;post_content&#8221;][et_pb_text _builder_version=&#8221;4.17.4&#8243; _module_preset=&#8221;default&#8221; header_font=&#8221;Barlow|800||on|||||&#8221; header_text_color=&#8221;#FFFFFF&#8221; header_font_size=&#8221;55px&#8221; header_letter_spacing=&#8221;2px&#8221; header_line_height=&#8221;1.2em&#8221; custom_margin=&#8221;||18px||false|false&#8221; global_colors_info=&#8221;{}&#8221; theme_builder_area=&#8221;post_content&#8221;]<\/p>\n<h1>malu\u017eina <span class=\"HwtZe\" jsaction=\"mouseup:BR6jm\" jsname=\"jqKxS\" lang=\"en\"><span jsaction=\"agoMJf:PFBcW;MZfLnc:P7O7bd;nt4Alf:pvnm0e,pfE8Hb,PFBcW;B01qod:dJXsye;H1e5u:iXtTIf;lYIUJf:hij5Wb;bmeZHc:iURhpf;Oxj3Xe:qAKMYb,yaf12d\" jsname=\"txFAF\" class=\"jCAhz ChMk0b\" jscontroller=\"Gn4SMb\"><span class=\"ryNqvb\" jsaction=\"click:E6Tfl,GFf3ac,tMZCfe; contextmenu:Nqw7Te,QP7LD; mouseout:Nqw7Te; mouseover:E6Tfl,c2aHje\" jsname=\"W297wb\">Cottage<\/span><\/span><\/span><\/h1>\n<p>[\/et_pb_text][et_pb_text _builder_version=&#8221;4.17.4&#8243; _module_preset=&#8221;default&#8221; header_2_font=&#8221;Barlow|700|||||||&#8221; header_2_text_color=&#8221;#FFFFFF&#8221; header_2_letter_spacing=&#8221;2px&#8221; header_2_font_size_tablet=&#8221;&#8221; header_2_font_size_phone=&#8221;20px&#8221; header_2_font_size_last_edited=&#8221;on|phone&#8221; global_colors_info=&#8221;{}&#8221; theme_builder_area=&#8221;post_content&#8221;]<\/p>\n<h2>Malu\u017eina, Liptov<\/h2>\n<p>[\/et_pb_text][et_pb_button button_url=&#8221;https:\/\/real21.travel\/en\/rezervacia\/&#8221; button_text=&#8221;Make a reservation&#8221; button_alignment=&#8221;left&#8221; _builder_version=&#8221;4.19.0&#8243; _module_preset=&#8221;default&#8221; custom_button=&#8221;on&#8221; button_text_size=&#8221;18px&#8221; button_text_color=&#8221;#FFFFFF&#8221; button_bg_color=&#8221;#ff6900&#8243; button_border_width=&#8221;0px&#8221; button_border_radius=&#8221;0px&#8221; button_letter_spacing=&#8221;2px&#8221; button_font=&#8221;Barlow|600||on|||||&#8221; custom_margin=&#8221;19px||19px||true|false&#8221; hover_enabled=&#8221;0&#8243; global_colors_info=&#8221;{}&#8221; theme_builder_area=&#8221;post_content&#8221; sticky_enabled=&#8221;0&#8243;][\/et_pb_button][\/et_pb_column][\/et_pb_row][\/et_pb_section][et_pb_section fb_built=&#8221;1&#8243; _builder_version=&#8221;4.17.4&#8243; _module_preset=&#8221;default&#8221; custom_padding=&#8221;||13px|||&#8221; global_colors_info=&#8221;{}&#8221; theme_builder_area=&#8221;post_content&#8221;][et_pb_row column_structure=&#8221;3_4,1_4&#8243; use_custom_gutter=&#8221;on&#8221; gutter_width=&#8221;4&#8243; make_equal=&#8221;on&#8221; _builder_version=&#8221;4.17.4&#8243; _module_preset=&#8221;default&#8221; width=&#8221;90%&#8221; max_width=&#8221;1234px&#8221; custom_margin=&#8221;||20px||false|false&#8221; global_colors_info=&#8221;{}&#8221; theme_builder_area=&#8221;post_content&#8221;][et_pb_column type=&#8221;3_4&#8243; _builder_version=&#8221;4.17.4&#8243; _module_preset=&#8221;default&#8221; custom_padding=&#8221;|||18px|false|false&#8221; border_width_left=&#8221;2px&#8221; border_color_left=&#8221;#bfbfbf&#8221; global_colors_info=&#8221;{}&#8221; theme_builder_area=&#8221;post_content&#8221;][et_pb_blurb title=&#8221;Description&#8221; use_icon=&#8221;on&#8221; font_icon=&#8221;&#xe610;||divi||400&#8243; icon_placement=&#8221;left&#8221; image_icon_width=&#8221;37px&#8221; content_max_width=&#8221;1100px&#8221; _builder_version=&#8221;4.19.0&#8243; _module_preset=&#8221;default&#8221; header_font=&#8221;Barlow|800||on|||||&#8221; header_font_size=&#8221;19px&#8221; header_letter_spacing=&#8221;2px&#8221; header_line_height=&#8221;1.7em&#8221; custom_margin=&#8221;||18px||false|false&#8221; hover_enabled=&#8221;0&#8243; global_colors_info=&#8221;{}&#8221; theme_builder_area=&#8221;post_content&#8221; sticky_enabled=&#8221;0&#8243;][\/et_pb_blurb][et_pb_text _builder_version=&#8221;4.19.0&#8243; _module_preset=&#8221;default&#8221; text_line_height=&#8221;1.9em&#8221; custom_margin=&#8221;||27px|||&#8221; hover_enabled=&#8221;0&#8243; global_colors_info=&#8221;{}&#8221; theme_builder_area=&#8221;post_content&#8221; sticky_enabled=&#8221;0&#8243;]<\/p>\n<p><strong>Discover the magic of relaxation in a cottage that is more than 300 years old.<\/strong><\/p>\n<p>We invite you to an experiential stay in our renovated historic Malu\u017ein\u00e1 cottage, which, as the name itself suggests, is located in the scenic village of Malu\u017ein\u00e1 in Liptov. The age of the cottage is estimated to be up to 300 years. Treat yourself to a well-deserved rest and soak up the exceptional atmosphere of this magical place. In addition, the surroundings are ideal for hiking, cycling and skiing. If you want a peaceful holiday spent in the lap of nature, you are in the right place.<\/p>\n<p>[\/et_pb_text][et_pb_text _builder_version=&#8221;4.19.0&#8243; _module_preset=&#8221;default&#8221; text_line_height=&#8221;1.9em&#8221; hover_enabled=&#8221;0&#8243; global_colors_info=&#8221;{}&#8221; theme_builder_area=&#8221;post_content&#8221; sticky_enabled=&#8221;0&#8243;]<\/p>\n<p><strong>Spacious living room with fireplace<\/strong>: Immediately upon entering, you will be charmed by the living room, which is dominated by a large stylish couch. The fire crackling in the fireplace will not only warm you, but also conjure up a pleasant feeling of home.<\/p>\n<p><strong>2 bathrooms with toilets<\/strong>: In the cottage you have two stylish bathrooms with toilets, while in each you can refresh yourself in the shower.<\/p>\n<p><strong>Gourmet kitchen with dining room<\/strong>: In the kitchen, you can cook your favorite meals with the help of high-quality electrical appliances. The lovingly prepared lunch will taste best if you sit down with your family for a tasteful dining session.<\/p>\n<p>\u00a0<strong>3 full-sized bedrooms<\/strong>: 3 bedrooms equipped with double beds will ensure a pleasant sleep. If necessary, we will provide you with three additional beds in the form of comfortable separate mattresses.<\/p>\n<p>Spend a few nights in a 300-year-old cottage? Maluzina is an ideal place for you. This originally mining house was completely renovated in 2020 and meets all the requirements for demanding guests who want to exchange everyday comfort for adventure. The surrounding area offers many places for tourist enjoyment, cycle routes and a lot of trips in the surroundings up to 30 minutes by car such as Besenova, Tatralandia, Podbanske, Tale, Vysna and Nizna Boca. During the summer it is very cold in our cottage, so you may have to light the fire in the fireplace at night. Did you know that only a few meters from the cottage is the entrance to the newly discovered Maluzina cave? Adventures in Maluzina await you.<\/p>\n<p>[\/et_pb_text][et_pb_divider color=&#8221;RGBA(255,255,255,0)&#8221; disabled_on=&#8221;off|off|on&#8221; _builder_version=&#8221;4.17.4&#8243; _module_preset=&#8221;default&#8221; custom_margin=&#8221;22px||22px||true|false&#8221; global_colors_info=&#8221;{}&#8221; theme_builder_area=&#8221;post_content&#8221;][\/et_pb_divider][\/et_pb_column][et_pb_column type=&#8221;1_4&#8243; _builder_version=&#8221;4.17.4&#8243; _module_preset=&#8221;default&#8221; custom_padding=&#8221;|||18px|false|false&#8221; border_width_left=&#8221;2px&#8221; border_color_left=&#8221;#bfbfbf&#8221; global_colors_info=&#8221;{}&#8221; theme_builder_area=&#8221;post_content&#8221;][et_pb_blurb title=&#8221;Equipment:&#8221; use_icon=&#8221;on&#8221; font_icon=&#8221;&#xf065;||fa||900&#8243; icon_placement=&#8221;left&#8221; image_icon_width=&#8221;30px&#8221; _builder_version=&#8221;4.19.0&#8243; _module_preset=&#8221;default&#8221; header_font=&#8221;Barlow|800||on|||||&#8221; header_font_size=&#8221;19px&#8221; header_letter_spacing=&#8221;2px&#8221; header_line_height=&#8221;1.7em&#8221; custom_margin=&#8221;||9px||false|false&#8221; hover_enabled=&#8221;0&#8243; global_colors_info=&#8221;{}&#8221; theme_builder_area=&#8221;post_content&#8221; sticky_enabled=&#8221;0&#8243;][\/et_pb_blurb][et_pb_text _builder_version=&#8221;4.19.0&#8243; _module_preset=&#8221;default&#8221; text_line_height=&#8221;1.9em&#8221; custom_margin=&#8221;||29px|||&#8221; hover_enabled=&#8221;0&#8243; global_colors_info=&#8221;{}&#8221; theme_builder_area=&#8221;post_content&#8221; sticky_enabled=&#8221;0&#8243;]<\/p>\n<ul>\n<li>fireplace<\/li>\n<li>2x bathroom with toilet<\/li>\n<li>kitchen with dining room<\/li>\n<li>3x bedroom<\/li>\n<\/ul>\n<p>[\/et_pb_text][et_pb_blurb title=&#8221;Location&#8221; use_icon=&#8221;on&#8221; font_icon=&#8221;&#xe01d;||divi||400&#8243; icon_placement=&#8221;left&#8221; image_icon_width=&#8221;37px&#8221; _builder_version=&#8221;4.19.0&#8243; _module_preset=&#8221;default&#8221; header_font=&#8221;Barlow|800||on|||||&#8221; header_font_size=&#8221;19px&#8221; header_letter_spacing=&#8221;2px&#8221; header_line_height=&#8221;1.7em&#8221; custom_margin=&#8221;5px||9px||false|false&#8221; hover_enabled=&#8221;0&#8243; global_colors_info=&#8221;{}&#8221; theme_builder_area=&#8221;post_content&#8221; sticky_enabled=&#8221;0&#8243;][\/et_pb_blurb][et_pb_text _builder_version=&#8221;4.17.4&#8243; _module_preset=&#8221;default&#8221; text_font=&#8221;Barlow|||on|||||&#8221; text_letter_spacing=&#8221;2px&#8221; custom_margin=&#8221;||-2px|||&#8221; global_colors_info=&#8221;{}&#8221; theme_builder_area=&#8221;post_content&#8221;]<\/p>\n<p>Malu\u017eina, Liptov<\/p>\n<p>[\/et_pb_text][et_pb_blurb title=&#8221;Contact&#8221; use_icon=&#8221;on&#8221; font_icon=&#8221;&#xf57d;||fa||900&#8243; icon_placement=&#8221;left&#8221; image_icon_width=&#8221;37px&#8221; _builder_version=&#8221;4.19.0&#8243; _module_preset=&#8221;default&#8221; header_font=&#8221;Barlow|800||on|||||&#8221; header_font_size=&#8221;19px&#8221; header_letter_spacing=&#8221;2px&#8221; header_line_height=&#8221;1.7em&#8221; custom_margin=&#8221;52px||4px||false|false&#8221; hover_enabled=&#8221;0&#8243; global_colors_info=&#8221;{}&#8221; theme_builder_area=&#8221;post_content&#8221; sticky_enabled=&#8221;0&#8243;][\/et_pb_blurb][et_pb_text _builder_version=&#8221;4.17.4&#8243; _module_preset=&#8221;default&#8221; text_font=&#8221;Barlow|||on|||||&#8221; text_letter_spacing=&#8221;2px&#8221; global_colors_info=&#8221;{}&#8221; theme_builder_area=&#8221;post_content&#8221;]+421 948 027 436<br \/>\ninfo@real21.travel[\/et_pb_text][et_pb_button button_url=&#8221;https:\/\/www.chalupamaluzina.sk\/&#8221; url_new_window=&#8221;on&#8221; button_text=&#8221;Go to the website&#8221; button_alignment=&#8221;left&#8221; _builder_version=&#8221;4.19.0&#8243; _module_preset=&#8221;default&#8221; custom_button=&#8221;on&#8221; button_text_size=&#8221;15px&#8221; button_text_color=&#8221;#FFFFFF&#8221; button_bg_color=&#8221;#ff6900&#8243; button_border_width=&#8221;0px&#8221; button_border_radius=&#8221;0px&#8221; button_letter_spacing=&#8221;1px&#8221; button_font=&#8221;Barlow|||on|||||&#8221; custom_margin=&#8221;19px||19px||true|false&#8221; hover_enabled=&#8221;0&#8243; global_colors_info=&#8221;{}&#8221; theme_builder_area=&#8221;post_content&#8221; sticky_enabled=&#8221;0&#8243;][\/et_pb_button][\/et_pb_column][\/et_pb_row][\/et_pb_section][et_pb_section fb_built=&#8221;1&#8243; _builder_version=&#8221;4.17.4&#8243; _module_preset=&#8221;default&#8221; background_color=&#8221;#f7f7f7&#8243; custom_padding=&#8221;19px||22px|||&#8221; global_colors_info=&#8221;{}&#8221; theme_builder_area=&#8221;post_content&#8221;][et_pb_row column_structure=&#8221;1_3,2_3&#8243; _builder_version=&#8221;4.17.4&#8243; _module_preset=&#8221;default&#8221; width=&#8221;90%&#8221; max_width=&#8221;1234px&#8221; global_colors_info=&#8221;{}&#8221; theme_builder_area=&#8221;post_content&#8221;][et_pb_column type=&#8221;1_3&#8243; _builder_version=&#8221;4.17.4&#8243; _module_preset=&#8221;default&#8221; global_colors_info=&#8221;{}&#8221; theme_builder_area=&#8221;post_content&#8221;][et_pb_text _builder_version=&#8221;4.19.0&#8243; _module_preset=&#8221;default&#8221; text_font=&#8221;Barlow|700||on|||||&#8221; text_font_size=&#8221;28px&#8221; text_letter_spacing=&#8221;2px&#8221; custom_margin=&#8221;||20px||false|false&#8221; hover_enabled=&#8221;0&#8243; global_colors_info=&#8221;{}&#8221; theme_builder_area=&#8221;post_content&#8221; sticky_enabled=&#8221;0&#8243;]<\/p>\n<p style=\"text-align: left;\">Location:<\/p>\n<p>[\/et_pb_text][et_pb_divider color=&#8221;#0f0909&#8243; _builder_version=&#8221;4.17.4&#8243; _module_preset=&#8221;default&#8221; width=&#8221;66%&#8221; custom_margin=&#8221;11px||7px||false|false&#8221; global_colors_info=&#8221;{}&#8221; theme_builder_area=&#8221;post_content&#8221;][\/et_pb_divider][et_pb_text _builder_version=&#8221;4.19.0&#8243; _module_preset=&#8221;default&#8221; text_line_height=&#8221;1.9em&#8221; custom_margin=&#8221;-3px|||||&#8221; hover_enabled=&#8221;0&#8243; global_colors_info=&#8221;{}&#8221; theme_builder_area=&#8221;post_content&#8221; sticky_enabled=&#8221;0&#8243;]<\/p>\n<p style=\"text-align: left;\"><strong>Location:<\/strong> Malu\u017eina, Liptov<\/p>\n<p>[\/et_pb_text][et_pb_divider color=&#8221;RGBA(255,255,255,0)&#8221; disabled_on=&#8221;off|off|on&#8221; _builder_version=&#8221;4.17.4&#8243; _module_preset=&#8221;default&#8221; custom_margin=&#8221;22px||22px||true|false&#8221; global_colors_info=&#8221;{}&#8221; theme_builder_area=&#8221;post_content&#8221;][\/et_pb_divider][\/et_pb_column][et_pb_column type=&#8221;2_3&#8243; _builder_version=&#8221;4.17.4&#8243; _module_preset=&#8221;default&#8221; global_colors_info=&#8221;{}&#8221; theme_builder_area=&#8221;post_content&#8221;][et_pb_code _builder_version=&#8221;4.17.4&#8243; _module_preset=&#8221;default&#8221; global_colors_info=&#8221;{}&#8221; theme_builder_area=&#8221;post_content&#8221;]<iframe src=\"https:\/\/www.google.com\/maps\/embed?pb=!1m10!1m8!1m3!1d10474.320618581583!2d19.771119!3d48.980516!3m2!1i1024!2i768!4f13.1!5e0!3m2!1ssk!2ssk!4v1655474702308!5m2!1ssk!2ssk\" width=\"1920\" height=\"250\" style=\"border:0;\" allowfullscreen=\"\" loading=\"lazy\" referrerpolicy=\"no-referrer-when-downgrade\"><\/iframe>[\/et_pb_code][\/et_pb_column][\/et_pb_row][\/et_pb_section][et_pb_section fb_built=&#8221;1&#8243; _builder_version=&#8221;4.17.4&#8243; _module_preset=&#8221;default&#8221; global_colors_info=&#8221;{}&#8221; theme_builder_area=&#8221;post_content&#8221;][et_pb_row _builder_version=&#8221;4.17.4&#8243; _module_preset=&#8221;default&#8221; custom_padding=&#8221;||0px|||&#8221; global_colors_info=&#8221;{}&#8221; theme_builder_area=&#8221;post_content&#8221;][et_pb_column type=&#8221;4_4&#8243; _builder_version=&#8221;4.17.4&#8243; _module_preset=&#8221;default&#8221; global_colors_info=&#8221;{}&#8221; theme_builder_area=&#8221;post_content&#8221;][et_pb_text _builder_version=&#8221;4.19.0&#8243; _module_preset=&#8221;default&#8221; text_font=&#8221;Barlow|700||on|||||&#8221; text_font_size=&#8221;28px&#8221; text_letter_spacing=&#8221;2px&#8221; custom_margin=&#8221;||20px||false|false&#8221; hover_enabled=&#8221;0&#8243; global_colors_info=&#8221;{}&#8221; theme_builder_area=&#8221;post_content&#8221; sticky_enabled=&#8221;0&#8243;]<\/p>\n<p style=\"text-align: center;\">Gallery<\/p>\n<p>[\/et_pb_text][et_pb_divider color=&#8221;#0f0909&#8243; _builder_version=&#8221;4.17.4&#8243; _module_preset=&#8221;default&#8221; width=&#8221;66%&#8221; module_alignment=&#8221;center&#8221; custom_margin=&#8221;11px||7px||false|false&#8221; global_colors_info=&#8221;{}&#8221; theme_builder_area=&#8221;post_content&#8221;][\/et_pb_divider][\/et_pb_column][\/et_pb_row][et_pb_row _builder_version=&#8221;4.17.4&#8243; _module_preset=&#8221;default&#8221; width=&#8221;90%&#8221; max_width=&#8221;1234px&#8221; custom_padding=&#8221;4px|||||&#8221; global_colors_info=&#8221;{}&#8221; theme_builder_area=&#8221;post_content&#8221;][et_pb_column type=&#8221;4_4&#8243; _builder_version=&#8221;4.17.4&#8243; _module_preset=&#8221;default&#8221; global_colors_info=&#8221;{}&#8221; theme_builder_area=&#8221;post_content&#8221;][et_pb_gallery gallery_ids=&#8221;246997,246998,246999,247000,247001,247002,247003,247004,247005,247006,247007,247008,247009,247010,247011,247012,247013,247014,247015,247016,247017,247018,247019,247020,247021,247022,247023,247024,247025,247026,247027,247028,247029,247030,247031,247032,247033,247034,247035,247036,247037,247038,247039,247040,247041,247042,247043,247044,247045,247046,247047,247048,247049,247050,247051,247052,247053,247054,247055,247056,247057,247058,247059,247060,247061,247062,247063,247064,247065&#8243; posts_number=&#8221;28&#8243; show_title_and_caption=&#8221;off&#8221; zoom_icon_color=&#8221;#FFFFFF&#8221; hover_overlay_color=&#8221;rgba(10,10,10,0.55)&#8221; hover_icon=&#8221;&#x30;||divi||400&#8243; _builder_version=&#8221;4.17.4&#8243; _module_preset=&#8221;default&#8221; global_colors_info=&#8221;{}&#8221; theme_builder_area=&#8221;post_content&#8221;][\/et_pb_gallery][\/et_pb_column][\/et_pb_row][\/et_pb_section]<\/p>\n","protected":false},"excerpt":{"rendered":"<p>malu\u017eina CottageMalu\u017eina, LiptovDiscover the magic of relaxation in a cottage that is more than 300 years old. We invite you to an experiential stay in our renovated historic Malu\u017ein\u00e1 cottage, which, as the name itself suggests, is located in the scenic village of Malu\u017ein\u00e1 in Liptov. The age of the cottage is estimated to be [&hellip;]<\/p>\n","protected":false},"author":1,"featured_media":0,"parent":0,"menu_order":0,"comment_status":"closed","ping_status":"closed","template":"","meta":{"_et_pb_use_builder":"on","_et_pb_old_content":"","_et_gb_content_width":"","_mi_skip_tracking":false},"yoast_head":"<!-- This site is optimized with the Yoast SEO plugin v19.10 - https:\/\/yoast.com\/wordpress\/plugins\/seo\/ -->\n<title>Cottage Malu\u017ein\u00e1 - Real21 Travel<\/title>\n<meta name=\"robots\" content=\"index, follow, max-snippet:-1, max-image-preview:large, max-video-preview:-1\" \/>\n<link rel=\"canonical\" href=\"https:\/\/real21.travel\/en\/cottage-maluzina\/\" \/>\n<meta property=\"og:locale\" content=\"en_US\" \/>\n<meta property=\"og:type\" content=\"article\" \/>\n<meta property=\"og:title\" content=\"Cottage Malu\u017ein\u00e1 - Real21 Travel\" \/>\n<meta property=\"og:description\" content=\"malu\u017eina CottageMalu\u017eina, LiptovDiscover the magic of relaxation in a cottage that is more than 300 years old. We invite you to an experiential stay in our renovated historic Malu\u017ein\u00e1 cottage, which, as the name itself suggests, is located in the scenic village of Malu\u017ein\u00e1 in Liptov. The age of the cottage is estimated to be [&hellip;]\" \/>\n<meta property=\"og:url\" content=\"https:\/\/real21.travel\/en\/cottage-maluzina\/\" \/>\n<meta property=\"og:site_name\" content=\"Real21 Travel\" \/>\n<meta property=\"article:modified_time\" content=\"2022-11-14T12:41:50+00:00\" \/>\n<meta name=\"twitter:card\" content=\"summary_large_image\" \/>\n<script type=\"application\/ld+json\" class=\"yoast-schema-graph\">{\"@context\":\"https:\/\/schema.org\",\"@graph\":[{\"@type\":\"WebPage\",\"@id\":\"https:\/\/real21.travel\/en\/cottage-maluzina\/\",\"url\":\"https:\/\/real21.travel\/en\/cottage-maluzina\/\",\"name\":\"Cottage Malu\u017ein\u00e1 - Real21 Travel\",\"isPartOf\":{\"@id\":\"https:\/\/real21.travel\/en\/#website\"},\"datePublished\":\"2022-06-17T13:52:46+00:00\",\"dateModified\":\"2022-11-14T12:41:50+00:00\",\"breadcrumb\":{\"@id\":\"https:\/\/real21.travel\/en\/cottage-maluzina\/#breadcrumb\"},\"inLanguage\":\"en-US\",\"potentialAction\":[{\"@type\":\"ReadAction\",\"target\":[\"https:\/\/real21.travel\/en\/cottage-maluzina\/\"]}]},{\"@type\":\"BreadcrumbList\",\"@id\":\"https:\/\/real21.travel\/en\/cottage-maluzina\/#breadcrumb\",\"itemListElement\":[{\"@type\":\"ListItem\",\"position\":1,\"name\":\"Home\",\"item\":\"https:\/\/real21.travel\/en\/\"},{\"@type\":\"ListItem\",\"position\":2,\"name\":\"Cottage Malu\u017ein\u00e1\"}]},{\"@type\":\"WebSite\",\"@id\":\"https:\/\/real21.travel\/en\/#website\",\"url\":\"https:\/\/real21.travel\/en\/\",\"name\":\"Real21 Travel\",\"description\":\"Skvel\u00e9 ubytovanie\",\"potentialAction\":[{\"@type\":\"SearchAction\",\"target\":{\"@type\":\"EntryPoint\",\"urlTemplate\":\"https:\/\/real21.travel\/en\/?s={search_term_string}\"},\"query-input\":\"required name=search_term_string\"}],\"inLanguage\":\"en-US\"}]}<\/script>\n<!-- \/ Yoast SEO plugin. -->","yoast_head_json":{"title":"Cottage Malu\u017ein\u00e1 - Real21 Travel","robots":{"index":"index","follow":"follow","max-snippet":"max-snippet:-1","max-image-preview":"max-image-preview:large","max-video-preview":"max-video-preview:-1"},"canonical":"https:\/\/real21.travel\/en\/cottage-maluzina\/","og_locale":"en_US","og_type":"article","og_title":"Cottage Malu\u017ein\u00e1 - Real21 Travel","og_description":"malu\u017eina CottageMalu\u017eina, LiptovDiscover the magic of relaxation in a cottage that is more than 300 years old. We invite you to an experiential stay in our renovated historic Malu\u017ein\u00e1 cottage, which, as the name itself suggests, is located in the scenic village of Malu\u017ein\u00e1 in Liptov. The age of the cottage is estimated to be [&hellip;]","og_url":"https:\/\/real21.travel\/en\/cottage-maluzina\/","og_site_name":"Real21 Travel","article_modified_time":"2022-11-14T12:41:50+00:00","twitter_card":"summary_large_image","schema":{"@context":"https:\/\/schema.org","@graph":[{"@type":"WebPage","@id":"https:\/\/real21.travel\/en\/cottage-maluzina\/","url":"https:\/\/real21.travel\/en\/cottage-maluzina\/","name":"Cottage Malu\u017ein\u00e1 - Real21 Travel","isPartOf":{"@id":"https:\/\/real21.travel\/en\/#website"},"datePublished":"2022-06-17T13:52:46+00:00","dateModified":"2022-11-14T12:41:50+00:00","breadcrumb":{"@id":"https:\/\/real21.travel\/en\/cottage-maluzina\/#breadcrumb"},"inLanguage":"en-US","potentialAction":[{"@type":"ReadAction","target":["https:\/\/real21.travel\/en\/cottage-maluzina\/"]}]},{"@type":"BreadcrumbList","@id":"https:\/\/real21.travel\/en\/cottage-maluzina\/#breadcrumb","itemListElement":[{"@type":"ListItem","position":1,"name":"Home","item":"https:\/\/real21.travel\/en\/"},{"@type":"ListItem","position":2,"name":"Cottage Malu\u017ein\u00e1"}]},{"@type":"WebSite","@id":"https:\/\/real21.travel\/en\/#website","url":"https:\/\/real21.travel\/en\/","name":"Real21 Travel","description":"Skvel\u00e9 ubytovanie","potentialAction":[{"@type":"SearchAction","target":{"@type":"EntryPoint","urlTemplate":"https:\/\/real21.travel\/en\/?s={search_term_string}"},"query-input":"required name=search_term_string"}],"inLanguage":"en-US"}]}},"_links":{"self":[{"href":"https:\/\/real21.travel\/en\/wp-json\/wp\/v2\/pages\/246963"}],"collection":[{"href":"https:\/\/real21.travel\/en\/wp-json\/wp\/v2\/pages"}],"about":[{"href":"https:\/\/real21.travel\/en\/wp-json\/wp\/v2\/types\/page"}],"author":[{"embeddable":true,"href":"https:\/\/real21.travel\/en\/wp-json\/wp\/v2\/users\/1"}],"replies":[{"embeddable":true,"href":"https:\/\/real21.travel\/en\/wp-json\/wp\/v2\/comments?post=246963"}],"version-history":[{"count":5,"href":"https:\/\/real21.travel\/en\/wp-json\/wp\/v2\/pages\/246963\/revisions"}],"predecessor-version":[{"id":247696,"href":"https:\/\/real21.travel\/en\/wp-json\/wp\/v2\/pages\/246963\/revisions\/247696"}],"wp:attachment":[{"href":"https:\/\/real21.travel\/en\/wp-json\/wp\/v2\/media?parent=246963"}],"curies":[{"name":"wp","href":"https:\/\/api.w.org\/{rel}","templated":true}]}}