{"id":247736,"date":"2022-12-07T13:45:32","date_gmt":"2022-12-07T12:45:32","guid":{"rendered":"https:\/\/real21.travel\/en\/?page_id=247736"},"modified":"2022-12-08T12:42:34","modified_gmt":"2022-12-08T11:42:34","slug":"apartmany-demanova-dolina","status":"publish","type":"page","link":"https:\/\/real21.travel\/en\/apartmany-demanova-dolina\/","title":{"rendered":"Apartments Dem\u00e4nov\u00e1 dolina"},"content":{"rendered":"<p>[et_pb_section fb_built=&#8221;1&#8243; custom_padding_last_edited=&#8221;on|phone&#8221; _builder_version=&#8221;4.19.0&#8243; _module_preset=&#8221;default&#8221; use_background_color_gradient=&#8221;on&#8221; background_color_gradient_stops=&#8221;rgba(2,10,4,0.52) 1%|rgba(4,2,10,0.2) 97%&#8221; background_color_gradient_overlays_image=&#8221;on&#8221; background_image=&#8221;https:\/\/real21.travel\/en\/wp-content\/uploads\/2022\/12\/demenov-apartmany.jpg&#8221; custom_padding=&#8221;119px||119px||false|&#8221; custom_padding_tablet=&#8221;119px||119px||false|&#8221; custom_padding_phone=&#8221;58px||56px||false|false&#8221; global_colors_info=&#8221;{}&#8221; theme_builder_area=&#8221;post_content&#8221;][et_pb_row _builder_version=&#8221;4.17.4&#8243; _module_preset=&#8221;default&#8221; max_width=&#8221;1221px&#8221; global_colors_info=&#8221;{}&#8221; theme_builder_area=&#8221;post_content&#8221;][et_pb_column type=&#8221;4_4&#8243; _builder_version=&#8221;4.17.4&#8243; _module_preset=&#8221;default&#8221; global_colors_info=&#8221;{}&#8221; theme_builder_area=&#8221;post_content&#8221;][et_pb_text _builder_version=&#8221;4.19.0&#8243; _module_preset=&#8221;default&#8221; header_font=&#8221;Barlow|800||on|||||&#8221; header_text_color=&#8221;#FFFFFF&#8221; header_font_size=&#8221;55px&#8221; header_letter_spacing=&#8221;2px&#8221; header_line_height=&#8221;1.2em&#8221; custom_margin=&#8221;||18px||false|false&#8221; global_colors_info=&#8221;{}&#8221; theme_builder_area=&#8221;post_content&#8221;]<\/p>\n<h1>apartment<\/h1>\n<p>[\/et_pb_text][et_pb_text _builder_version=&#8221;4.19.0&#8243; _module_preset=&#8221;default&#8221; header_2_font=&#8221;Barlow|700|||||||&#8221; header_2_text_color=&#8221;#FFFFFF&#8221; header_2_letter_spacing=&#8221;2px&#8221; header_2_font_size_tablet=&#8221;&#8221; header_2_font_size_phone=&#8221;20px&#8221; header_2_font_size_last_edited=&#8221;on|phone&#8221; global_colors_info=&#8221;{}&#8221; theme_builder_area=&#8221;post_content&#8221;]<\/p>\n<h2>Dem\u00e4nov\u00e1 dolina, N\u00edzke Tatry<\/h2>\n<p>[\/et_pb_text][et_pb_button button_url=&#8221;https:\/\/real21.travel\/en\/rezervacia\/&#8221; button_text=&#8221;Make a reservation&#8221; button_alignment=&#8221;left&#8221; _builder_version=&#8221;4.19.0&#8243; _module_preset=&#8221;default&#8221; custom_button=&#8221;on&#8221; button_text_size=&#8221;18px&#8221; button_text_color=&#8221;#FFFFFF&#8221; button_bg_color=&#8221;#ff6900&#8243; button_border_width=&#8221;0px&#8221; button_border_radius=&#8221;0px&#8221; button_letter_spacing=&#8221;2px&#8221; button_font=&#8221;Barlow|600||on|||||&#8221; custom_margin=&#8221;19px||19px||true|false&#8221; global_colors_info=&#8221;{}&#8221; theme_builder_area=&#8221;post_content&#8221;][\/et_pb_button][\/et_pb_column][\/et_pb_row][\/et_pb_section][et_pb_section fb_built=&#8221;1&#8243; _builder_version=&#8221;4.17.4&#8243; _module_preset=&#8221;default&#8221; custom_padding=&#8221;28px||13px|||&#8221; global_colors_info=&#8221;{}&#8221; theme_builder_area=&#8221;post_content&#8221;][et_pb_row column_structure=&#8221;3_4,1_4&#8243; use_custom_gutter=&#8221;on&#8221; gutter_width=&#8221;4&#8243; make_equal=&#8221;on&#8221; _builder_version=&#8221;4.17.4&#8243; _module_preset=&#8221;default&#8221; width=&#8221;90%&#8221; max_width=&#8221;1234px&#8221; custom_margin=&#8221;||20px||false|false&#8221; global_colors_info=&#8221;{}&#8221; theme_builder_area=&#8221;post_content&#8221;][et_pb_column type=&#8221;3_4&#8243; _builder_version=&#8221;4.17.4&#8243; _module_preset=&#8221;default&#8221; custom_padding=&#8221;|||18px|false|false&#8221; border_width_left=&#8221;2px&#8221; border_color_left=&#8221;#bfbfbf&#8221; global_colors_info=&#8221;{}&#8221; theme_builder_area=&#8221;post_content&#8221;][et_pb_blurb title=&#8221;Description&#8221; use_icon=&#8221;on&#8221; font_icon=&#8221;&#xe610;||divi||400&#8243; icon_placement=&#8221;left&#8221; image_icon_width=&#8221;37px&#8221; content_max_width=&#8221;1100px&#8221; _builder_version=&#8221;4.19.0&#8243; _module_preset=&#8221;default&#8221; header_font=&#8221;Barlow|800||on|||||&#8221; header_font_size=&#8221;19px&#8221; header_letter_spacing=&#8221;2px&#8221; header_line_height=&#8221;1.7em&#8221; custom_margin=&#8221;||18px||false|false&#8221; global_colors_info=&#8221;{}&#8221; theme_builder_area=&#8221;post_content&#8221;][\/et_pb_blurb][et_pb_text _builder_version=&#8221;4.19.0&#8243; _module_preset=&#8221;default&#8221; text_line_height=&#8221;1.9em&#8221; global_colors_info=&#8221;{}&#8221; theme_builder_area=&#8221;post_content&#8221;]<\/p>\n<div class=\"et_pb_module et_pb_text et_pb_text_2  et_pb_text_align_left et_pb_bg_layout_light\">\n<div class=\"et_pb_text_inner\">\n<p>Penzi\u00f3n BudinSKI sa nach\u00e1dza v kr\u00e1snom prostred\u00ed n\u00e1rodn\u00e9ho parku N\u00edzke Tatry, vo vstupnej \u010dasti Dem\u00e4novskej doliny. Cesta touto malebnou dolinou vedie do najv\u00e4\u010d\u0161ieho ly\u017eiarskeho strediska Jasn\u00e1.<\/p>\n<p>Pre na\u0161ich host\u00ed je k dispoz\u00edcii <strong>5 dvojl\u00f4\u017ekov\u00fdch apartm\u00e1nov s vlastnou kuchynkou a TV<\/strong>. Hostia m\u00f4\u017eu vyu\u017ei\u0165 priestrann\u00fa spolo\u010densk\u00fa miestnos\u0165 s krbom a ve\u013ekou spolo\u010dnou kuchy\u0148ou vybavenou automatick\u00fdm k\u00e1vovarom a americkou chladni\u010dkou. Wi-fi je zdarma v celom apartm\u00e1novom dome.<\/p>\n<p>Na\u0161i hostia m\u00f4\u017eu vyu\u017ei\u0165 <strong>wellness<\/strong>, ktor\u00e9 sa nach\u00e1dza v suter\u00e9ne. Pon\u00faka <strong>f\u00ednsku saunu, v\u00edrivku (jacuzzi), vyhrievan\u00fa lavi\u010dku a Kneippov k\u00fape\u013e.<\/strong> S\u00fa\u010d\u00e1s\u0165ou je aj relaxa\u010dn\u00e1 z\u00f3na s TV.<\/p>\n<p>Pre <strong>ly\u017eiarov a nad\u0161encov be\u017ekovania a skialpinizmu<\/strong> m\u00e1me k dispoz\u00edcii ly\u017eiare\u0148 so su\u0161i\u010dom na ly\u017eiarske top\u00e1nky.<\/p>\n<p>K\u00a0dispoz\u00edci\u00ed m\u00e1me 5 \u00fatuln\u00fdch apartm\u00e1nov. 3 apartm\u00e1ny na pr\u00edzem\u00ed a 2 apartm\u00e1ny na poschod\u00ed s v\u00fdh\u013eadom na Tatry. \u0160tyri priestrann\u00e9 apartm\u00e1ny disponuj\u00fa man\u017eelskou poste\u013eou a 2 pr\u00edste\u013ekami. S\u00fa\u010das\u0165ou apartm\u00e1nu je TV, pohovka, plne vybaven\u00e1 kuchynka, jed\u00e1lensk\u00fd st\u00f4l s lavicou na sedenie s \u00falo\u017en\u00fdm priestorom a k\u00fape\u013e\u0148a so sprchovac\u00edm k\u00fatom. Pre dvoch dospel\u00fdch s\u00a0max. jedn\u00fdm mal\u00fdm die\u0165a\u0165om m\u00e1me k\u00a0dispoz\u00edci\u00ed \u00fatuln\u00fd apartm\u00e1n na pr\u00edzem\u00ed s man\u017eelskou poste\u013eou a\u00a0detskou pr\u00edste\u013ekou.<\/p>\n<\/div>\n<\/div>\n<p>[\/et_pb_text][et_pb_button button_url=&#8221;http:\/\/real21.travel\/en\/wp-content\/uploads\/2022\/12\/cennik_budinski.pdf&#8221; url_new_window=&#8221;on&#8221; button_text=&#8221;stiahn\u00fa\u0165 cenn\u00edk&#8221; button_alignment=&#8221;left&#8221; _builder_version=&#8221;4.19.0&#8243; _module_preset=&#8221;default&#8221; custom_button=&#8221;on&#8221; button_text_size=&#8221;15px&#8221; button_text_color=&#8221;#FFFFFF&#8221; button_bg_color=&#8221;#7CDA24&#8243; button_border_width=&#8221;0px&#8221; button_border_radius=&#8221;0px&#8221; button_letter_spacing=&#8221;1px&#8221; button_font=&#8221;Barlow|||on|||||&#8221; button_icon=&#8221;&#xe092;||divi||400&#8243; button_on_hover=&#8221;off&#8221; custom_margin=&#8221;19px||19px||true|false&#8221; hover_enabled=&#8221;0&#8243; global_colors_info=&#8221;{}&#8221; theme_builder_area=&#8221;post_content&#8221; sticky_enabled=&#8221;0&#8243;][\/et_pb_button][et_pb_divider color=&#8221;RGBA(255,255,255,0)&#8221; disabled_on=&#8221;off|off|on&#8221; _builder_version=&#8221;4.17.4&#8243; _module_preset=&#8221;default&#8221; custom_margin=&#8221;22px||22px||true|false&#8221; global_colors_info=&#8221;{}&#8221; theme_builder_area=&#8221;post_content&#8221;][\/et_pb_divider][\/et_pb_column][et_pb_column type=&#8221;1_4&#8243; _builder_version=&#8221;4.17.4&#8243; _module_preset=&#8221;default&#8221; custom_padding=&#8221;|||18px|false|false&#8221; border_width_left=&#8221;2px&#8221; border_color_left=&#8221;#bfbfbf&#8221; global_colors_info=&#8221;{}&#8221; theme_builder_area=&#8221;post_content&#8221;][et_pb_blurb title=&#8221;Equipment:&#8221; use_icon=&#8221;on&#8221; font_icon=&#8221;&#xf065;||fa||900&#8243; icon_placement=&#8221;left&#8221; image_icon_width=&#8221;30px&#8221; _builder_version=&#8221;4.19.0&#8243; _module_preset=&#8221;default&#8221; header_font=&#8221;Barlow|800||on|||||&#8221; header_font_size=&#8221;19px&#8221; header_letter_spacing=&#8221;2px&#8221; header_line_height=&#8221;1.7em&#8221; custom_margin=&#8221;||9px||false|false&#8221; global_colors_info=&#8221;{}&#8221; theme_builder_area=&#8221;post_content&#8221;][\/et_pb_blurb][et_pb_text _builder_version=&#8221;4.19.0&#8243; _module_preset=&#8221;default&#8221; text_line_height=&#8221;1.9em&#8221; custom_margin=&#8221;||29px|||&#8221; global_colors_info=&#8221;{}&#8221; theme_builder_area=&#8221;post_content&#8221;]<\/p>\n<ul>\n<li>vybaven\u00e1 kuchy\u0148ka<\/li>\n<li>Telev\u00edzia (TV)<\/li>\n<li>Spolo\u010dn\u00e1 miestnos\u0165 s krbom<\/li>\n<li>Wifi<\/li>\n<li>Spolo\u010dn\u00fd wellnes<\/li>\n<li>K dispoz\u00edcii su\u0161i\u010d ly\u017e. top\u00e1nok<\/li>\n<\/ul>\n<p>[\/et_pb_text][et_pb_blurb title=&#8221;Location&#8221; use_icon=&#8221;on&#8221; font_icon=&#8221;&#xe01d;||divi||400&#8243; icon_placement=&#8221;left&#8221; image_icon_width=&#8221;37px&#8221; _builder_version=&#8221;4.19.0&#8243; _module_preset=&#8221;default&#8221; header_font=&#8221;Barlow|800||on|||||&#8221; header_font_size=&#8221;19px&#8221; header_letter_spacing=&#8221;2px&#8221; header_line_height=&#8221;1.7em&#8221; custom_margin=&#8221;5px||9px||false|false&#8221; global_colors_info=&#8221;{}&#8221; theme_builder_area=&#8221;post_content&#8221;][\/et_pb_blurb][et_pb_text _builder_version=&#8221;4.19.0&#8243; _module_preset=&#8221;default&#8221; text_font=&#8221;Barlow|||on|||||&#8221; text_letter_spacing=&#8221;2px&#8221; custom_margin=&#8221;||-2px|||&#8221; global_colors_info=&#8221;{}&#8221; theme_builder_area=&#8221;post_content&#8221;]Pav\u010dina Lehota 320<\/p>\n<p>Dem\u00e4nov\u00e1 dolina<br \/>\nN\u00edzke Tatry[\/et_pb_text][et_pb_blurb title=&#8221;Contact&#8221; use_icon=&#8221;on&#8221; font_icon=&#8221;&#xf57d;||fa||900&#8243; icon_placement=&#8221;left&#8221; image_icon_width=&#8221;37px&#8221; _builder_version=&#8221;4.19.0&#8243; _module_preset=&#8221;default&#8221; header_font=&#8221;Barlow|800||on|||||&#8221; header_font_size=&#8221;19px&#8221; header_letter_spacing=&#8221;2px&#8221; header_line_height=&#8221;1.7em&#8221; custom_margin=&#8221;52px||4px||false|false&#8221; global_colors_info=&#8221;{}&#8221; theme_builder_area=&#8221;post_content&#8221;][\/et_pb_blurb][et_pb_text _builder_version=&#8221;4.17.4&#8243; _module_preset=&#8221;default&#8221; text_font=&#8221;Barlow|||on|||||&#8221; text_letter_spacing=&#8221;2px&#8221; global_colors_info=&#8221;{}&#8221; theme_builder_area=&#8221;post_content&#8221;]+421 948 027 436<br \/>\ninfo@real21.travel[\/et_pb_text][et_pb_button button_url=&#8221;https:\/\/www.chalupamaluzina.sk\/&#8221; url_new_window=&#8221;on&#8221; button_text=&#8221;Go to the website&#8221; button_alignment=&#8221;left&#8221; _builder_version=&#8221;4.19.0&#8243; _module_preset=&#8221;default&#8221; custom_button=&#8221;on&#8221; button_text_size=&#8221;15px&#8221; button_text_color=&#8221;#FFFFFF&#8221; button_bg_color=&#8221;#ff6900&#8243; button_border_width=&#8221;0px&#8221; button_border_radius=&#8221;0px&#8221; button_letter_spacing=&#8221;1px&#8221; button_font=&#8221;Barlow|||on|||||&#8221; custom_margin=&#8221;19px||19px||true|false&#8221; global_colors_info=&#8221;{}&#8221; theme_builder_area=&#8221;post_content&#8221;][\/et_pb_button][\/et_pb_column][\/et_pb_row][\/et_pb_section][et_pb_section fb_built=&#8221;1&#8243; _builder_version=&#8221;4.17.4&#8243; _module_preset=&#8221;default&#8221; background_color=&#8221;#f7f7f7&#8243; custom_padding=&#8221;19px||22px|||&#8221; global_colors_info=&#8221;{}&#8221; theme_builder_area=&#8221;post_content&#8221;][et_pb_row column_structure=&#8221;1_3,2_3&#8243; _builder_version=&#8221;4.17.4&#8243; _module_preset=&#8221;default&#8221; width=&#8221;90%&#8221; max_width=&#8221;1234px&#8221; global_colors_info=&#8221;{}&#8221; theme_builder_area=&#8221;post_content&#8221;][et_pb_column type=&#8221;1_3&#8243; _builder_version=&#8221;4.17.4&#8243; _module_preset=&#8221;default&#8221; global_colors_info=&#8221;{}&#8221; theme_builder_area=&#8221;post_content&#8221;][et_pb_text _builder_version=&#8221;4.19.0&#8243; _module_preset=&#8221;default&#8221; text_font=&#8221;Barlow|700||on|||||&#8221; text_font_size=&#8221;28px&#8221; text_letter_spacing=&#8221;2px&#8221; custom_margin=&#8221;||20px||false|false&#8221; global_colors_info=&#8221;{}&#8221; theme_builder_area=&#8221;post_content&#8221;]<\/p>\n<p style=\"text-align: left;\">Location:<\/p>\n<p>[\/et_pb_text][et_pb_divider color=&#8221;#0f0909&#8243; _builder_version=&#8221;4.17.4&#8243; _module_preset=&#8221;default&#8221; width=&#8221;66%&#8221; custom_margin=&#8221;11px||7px||false|false&#8221; global_colors_info=&#8221;{}&#8221; theme_builder_area=&#8221;post_content&#8221;][\/et_pb_divider][et_pb_text _builder_version=&#8221;4.19.0&#8243; _module_preset=&#8221;default&#8221; text_line_height=&#8221;1.9em&#8221; custom_margin=&#8221;-3px|||||&#8221; global_colors_info=&#8221;{}&#8221; theme_builder_area=&#8221;post_content&#8221;]<\/p>\n<p style=\"text-align: left;\"><strong>Location:<\/strong> N 49.027708 \/ E 19.571124<\/p>\n<p>[\/et_pb_text][et_pb_divider color=&#8221;RGBA(255,255,255,0)&#8221; disabled_on=&#8221;off|off|on&#8221; _builder_version=&#8221;4.17.4&#8243; _module_preset=&#8221;default&#8221; custom_margin=&#8221;22px||22px||true|false&#8221; global_colors_info=&#8221;{}&#8221; theme_builder_area=&#8221;post_content&#8221;][\/et_pb_divider][\/et_pb_column][et_pb_column type=&#8221;2_3&#8243; _builder_version=&#8221;4.17.4&#8243; _module_preset=&#8221;default&#8221; global_colors_info=&#8221;{}&#8221; theme_builder_area=&#8221;post_content&#8221;][et_pb_code _builder_version=&#8221;4.19.0&#8243; _module_preset=&#8221;default&#8221; global_colors_info=&#8221;{}&#8221; theme_builder_area=&#8221;post_content&#8221;]<iframe src=\"https:\/\/www.google.com\/maps\/embed?pb=!1m18!1m12!1m3!1d2616.09792137078!2d19.56890311588604!3d49.02774459672104!2m3!1f0!2f0!3f0!3m2!1i1024!2i768!4f13.1!3m3!1m2!1s0x47159e4454fe0403%3A0x47b8d27538f96cc!2sPav%C4%8Dina%20Lehota%20320%2C%20031%2001%20Pav%C4%8Dina%20Lehota!5e0!3m2!1ssk!2ssk!4v1670415700291!5m2!1ssk!2ssk\" width=\"1920\" height=\"250\" style=\"border:0;\" allowfullscreen=\"\" loading=\"lazy\" referrerpolicy=\"no-referrer-when-downgrade\"><\/iframe>[\/et_pb_code][\/et_pb_column][\/et_pb_row][\/et_pb_section][et_pb_section fb_built=&#8221;1&#8243; _builder_version=&#8221;4.17.4&#8243; _module_preset=&#8221;default&#8221; global_colors_info=&#8221;{}&#8221; theme_builder_area=&#8221;post_content&#8221;][et_pb_row _builder_version=&#8221;4.17.4&#8243; _module_preset=&#8221;default&#8221; custom_padding=&#8221;||0px|||&#8221; global_colors_info=&#8221;{}&#8221; theme_builder_area=&#8221;post_content&#8221;][et_pb_column type=&#8221;4_4&#8243; _builder_version=&#8221;4.17.4&#8243; _module_preset=&#8221;default&#8221; global_colors_info=&#8221;{}&#8221; theme_builder_area=&#8221;post_content&#8221;][et_pb_text _builder_version=&#8221;4.19.0&#8243; _module_preset=&#8221;default&#8221; text_font=&#8221;Barlow|700||on|||||&#8221; text_font_size=&#8221;28px&#8221; text_letter_spacing=&#8221;2px&#8221; custom_margin=&#8221;||20px||false|false&#8221; global_colors_info=&#8221;{}&#8221; theme_builder_area=&#8221;post_content&#8221;]<\/p>\n<p style=\"text-align: center;\">Gallery<\/p>\n<p>[\/et_pb_text][et_pb_divider color=&#8221;#0f0909&#8243; _builder_version=&#8221;4.17.4&#8243; _module_preset=&#8221;default&#8221; width=&#8221;66%&#8221; module_alignment=&#8221;center&#8221; custom_margin=&#8221;11px||7px||false|false&#8221; global_colors_info=&#8221;{}&#8221; theme_builder_area=&#8221;post_content&#8221;][\/et_pb_divider][\/et_pb_column][\/et_pb_row][et_pb_row _builder_version=&#8221;4.17.4&#8243; _module_preset=&#8221;default&#8221; width=&#8221;90%&#8221; max_width=&#8221;1234px&#8221; custom_padding=&#8221;4px|||||&#8221; global_colors_info=&#8221;{}&#8221; theme_builder_area=&#8221;post_content&#8221;][et_pb_column type=&#8221;4_4&#8243; _builder_version=&#8221;4.17.4&#8243; _module_preset=&#8221;default&#8221; global_colors_info=&#8221;{}&#8221; theme_builder_area=&#8221;post_content&#8221;][et_pb_gallery gallery_ids=&#8221;247766,247765,247764,247744,247745,247746,247747,247748,247749,247750,247751,247752,247753,247754,247755,247756,247757,247758,247759,247760,247761,247762,247763&#8243; posts_number=&#8221;28&#8243; show_title_and_caption=&#8221;off&#8221; zoom_icon_color=&#8221;#FFFFFF&#8221; hover_overlay_color=&#8221;rgba(10,10,10,0.55)&#8221; hover_icon=&#8221;&#x30;||divi||400&#8243; _builder_version=&#8221;4.19.0&#8243; _module_preset=&#8221;default&#8221; global_colors_info=&#8221;{}&#8221; theme_builder_area=&#8221;post_content&#8221;][\/et_pb_gallery][\/et_pb_column][\/et_pb_row][\/et_pb_section]<\/p>\n","protected":false},"excerpt":{"rendered":"<p>apartmentDem\u00e4nov\u00e1 dolina, N\u00edzke Tatry Penzi\u00f3n BudinSKI sa nach\u00e1dza v kr\u00e1snom prostred\u00ed n\u00e1rodn\u00e9ho parku N\u00edzke Tatry, vo vstupnej \u010dasti Dem\u00e4novskej doliny. Cesta touto malebnou dolinou vedie do najv\u00e4\u010d\u0161ieho ly\u017eiarskeho strediska Jasn\u00e1. Pre na\u0161ich host\u00ed je k dispoz\u00edcii 5 dvojl\u00f4\u017ekov\u00fdch apartm\u00e1nov s vlastnou kuchynkou a TV. Hostia m\u00f4\u017eu vyu\u017ei\u0165 priestrann\u00fa spolo\u010densk\u00fa miestnos\u0165 s krbom a ve\u013ekou spolo\u010dnou [&hellip;]<\/p>\n","protected":false},"author":1,"featured_media":0,"parent":0,"menu_order":0,"comment_status":"closed","ping_status":"closed","template":"","meta":{"_et_pb_use_builder":"on","_et_pb_old_content":"","_et_gb_content_width":"","_mi_skip_tracking":false},"yoast_head":"<!-- This site is optimized with the Yoast SEO plugin v19.10 - https:\/\/yoast.com\/wordpress\/plugins\/seo\/ -->\n<title>Apartments Dem\u00e4nov\u00e1 dolina - Real21 Travel<\/title>\n<meta name=\"robots\" content=\"index, follow, max-snippet:-1, max-image-preview:large, max-video-preview:-1\" \/>\n<link rel=\"canonical\" href=\"https:\/\/real21.travel\/en\/apartmany-demanova-dolina\/\" \/>\n<meta property=\"og:locale\" content=\"en_US\" \/>\n<meta property=\"og:type\" content=\"article\" \/>\n<meta property=\"og:title\" content=\"Apartments Dem\u00e4nov\u00e1 dolina - Real21 Travel\" \/>\n<meta property=\"og:description\" content=\"apartmentDem\u00e4nov\u00e1 dolina, N\u00edzke Tatry Penzi\u00f3n BudinSKI sa nach\u00e1dza v kr\u00e1snom prostred\u00ed n\u00e1rodn\u00e9ho parku N\u00edzke Tatry, vo vstupnej \u010dasti Dem\u00e4novskej doliny. Cesta touto malebnou dolinou vedie do najv\u00e4\u010d\u0161ieho ly\u017eiarskeho strediska Jasn\u00e1. Pre na\u0161ich host\u00ed je k dispoz\u00edcii 5 dvojl\u00f4\u017ekov\u00fdch apartm\u00e1nov s vlastnou kuchynkou a TV. Hostia m\u00f4\u017eu vyu\u017ei\u0165 priestrann\u00fa spolo\u010densk\u00fa miestnos\u0165 s krbom a ve\u013ekou spolo\u010dnou [&hellip;]\" \/>\n<meta property=\"og:url\" content=\"https:\/\/real21.travel\/en\/apartmany-demanova-dolina\/\" \/>\n<meta property=\"og:site_name\" content=\"Real21 Travel\" \/>\n<meta property=\"article:modified_time\" content=\"2022-12-08T11:42:34+00:00\" \/>\n<meta name=\"twitter:card\" content=\"summary_large_image\" \/>\n<meta name=\"twitter:label1\" content=\"Est. reading time\" \/>\n\t<meta name=\"twitter:data1\" content=\"3 minutes\" \/>\n<script type=\"application\/ld+json\" class=\"yoast-schema-graph\">{\"@context\":\"https:\/\/schema.org\",\"@graph\":[{\"@type\":\"WebPage\",\"@id\":\"https:\/\/real21.travel\/en\/apartmany-demanova-dolina\/\",\"url\":\"https:\/\/real21.travel\/en\/apartmany-demanova-dolina\/\",\"name\":\"Apartments Dem\u00e4nov\u00e1 dolina - Real21 Travel\",\"isPartOf\":{\"@id\":\"https:\/\/real21.travel\/en\/#website\"},\"datePublished\":\"2022-12-07T12:45:32+00:00\",\"dateModified\":\"2022-12-08T11:42:34+00:00\",\"breadcrumb\":{\"@id\":\"https:\/\/real21.travel\/en\/apartmany-demanova-dolina\/#breadcrumb\"},\"inLanguage\":\"en-US\",\"potentialAction\":[{\"@type\":\"ReadAction\",\"target\":[\"https:\/\/real21.travel\/en\/apartmany-demanova-dolina\/\"]}]},{\"@type\":\"BreadcrumbList\",\"@id\":\"https:\/\/real21.travel\/en\/apartmany-demanova-dolina\/#breadcrumb\",\"itemListElement\":[{\"@type\":\"ListItem\",\"position\":1,\"name\":\"Home\",\"item\":\"https:\/\/real21.travel\/en\/\"},{\"@type\":\"ListItem\",\"position\":2,\"name\":\"Apartments Dem\u00e4nov\u00e1 dolina\"}]},{\"@type\":\"WebSite\",\"@id\":\"https:\/\/real21.travel\/en\/#website\",\"url\":\"https:\/\/real21.travel\/en\/\",\"name\":\"Real21 Travel\",\"description\":\"Skvel\u00e9 ubytovanie\",\"potentialAction\":[{\"@type\":\"SearchAction\",\"target\":{\"@type\":\"EntryPoint\",\"urlTemplate\":\"https:\/\/real21.travel\/en\/?s={search_term_string}\"},\"query-input\":\"required name=search_term_string\"}],\"inLanguage\":\"en-US\"}]}<\/script>\n<!-- \/ Yoast SEO plugin. -->","yoast_head_json":{"title":"Apartments Dem\u00e4nov\u00e1 dolina - Real21 Travel","robots":{"index":"index","follow":"follow","max-snippet":"max-snippet:-1","max-image-preview":"max-image-preview:large","max-video-preview":"max-video-preview:-1"},"canonical":"https:\/\/real21.travel\/en\/apartmany-demanova-dolina\/","og_locale":"en_US","og_type":"article","og_title":"Apartments Dem\u00e4nov\u00e1 dolina - Real21 Travel","og_description":"apartmentDem\u00e4nov\u00e1 dolina, N\u00edzke Tatry Penzi\u00f3n BudinSKI sa nach\u00e1dza v kr\u00e1snom prostred\u00ed n\u00e1rodn\u00e9ho parku N\u00edzke Tatry, vo vstupnej \u010dasti Dem\u00e4novskej doliny. Cesta touto malebnou dolinou vedie do najv\u00e4\u010d\u0161ieho ly\u017eiarskeho strediska Jasn\u00e1. Pre na\u0161ich host\u00ed je k dispoz\u00edcii 5 dvojl\u00f4\u017ekov\u00fdch apartm\u00e1nov s vlastnou kuchynkou a TV. Hostia m\u00f4\u017eu vyu\u017ei\u0165 priestrann\u00fa spolo\u010densk\u00fa miestnos\u0165 s krbom a ve\u013ekou spolo\u010dnou [&hellip;]","og_url":"https:\/\/real21.travel\/en\/apartmany-demanova-dolina\/","og_site_name":"Real21 Travel","article_modified_time":"2022-12-08T11:42:34+00:00","twitter_card":"summary_large_image","twitter_misc":{"Est. reading time":"3 minutes"},"schema":{"@context":"https:\/\/schema.org","@graph":[{"@type":"WebPage","@id":"https:\/\/real21.travel\/en\/apartmany-demanova-dolina\/","url":"https:\/\/real21.travel\/en\/apartmany-demanova-dolina\/","name":"Apartments Dem\u00e4nov\u00e1 dolina - Real21 Travel","isPartOf":{"@id":"https:\/\/real21.travel\/en\/#website"},"datePublished":"2022-12-07T12:45:32+00:00","dateModified":"2022-12-08T11:42:34+00:00","breadcrumb":{"@id":"https:\/\/real21.travel\/en\/apartmany-demanova-dolina\/#breadcrumb"},"inLanguage":"en-US","potentialAction":[{"@type":"ReadAction","target":["https:\/\/real21.travel\/en\/apartmany-demanova-dolina\/"]}]},{"@type":"BreadcrumbList","@id":"https:\/\/real21.travel\/en\/apartmany-demanova-dolina\/#breadcrumb","itemListElement":[{"@type":"ListItem","position":1,"name":"Home","item":"https:\/\/real21.travel\/en\/"},{"@type":"ListItem","position":2,"name":"Apartments Dem\u00e4nov\u00e1 dolina"}]},{"@type":"WebSite","@id":"https:\/\/real21.travel\/en\/#website","url":"https:\/\/real21.travel\/en\/","name":"Real21 Travel","description":"Skvel\u00e9 ubytovanie","potentialAction":[{"@type":"SearchAction","target":{"@type":"EntryPoint","urlTemplate":"https:\/\/real21.travel\/en\/?s={search_term_string}"},"query-input":"required name=search_term_string"}],"inLanguage":"en-US"}]}},"_links":{"self":[{"href":"https:\/\/real21.travel\/en\/wp-json\/wp\/v2\/pages\/247736"}],"collection":[{"href":"https:\/\/real21.travel\/en\/wp-json\/wp\/v2\/pages"}],"about":[{"href":"https:\/\/real21.travel\/en\/wp-json\/wp\/v2\/types\/page"}],"author":[{"embeddable":true,"href":"https:\/\/real21.travel\/en\/wp-json\/wp\/v2\/users\/1"}],"replies":[{"embeddable":true,"href":"https:\/\/real21.travel\/en\/wp-json\/wp\/v2\/comments?post=247736"}],"version-history":[{"count":6,"href":"https:\/\/real21.travel\/en\/wp-json\/wp\/v2\/pages\/247736\/revisions"}],"predecessor-version":[{"id":247774,"href":"https:\/\/real21.travel\/en\/wp-json\/wp\/v2\/pages\/247736\/revisions\/247774"}],"wp:attachment":[{"href":"https:\/\/real21.travel\/en\/wp-json\/wp\/v2\/media?parent=247736"}],"curies":[{"name":"wp","href":"https:\/\/api.w.org\/{rel}","templated":true}]}}